{"id":385,"date":"2023-02-15T12:16:45","date_gmt":"2023-02-15T11:16:45","guid":{"rendered":"https:\/\/locoiptv.com\/?page_id=385"},"modified":"2025-02-13T13:23:54","modified_gmt":"2025-02-13T12:23:54","slug":"iptv-box-android","status":"publish","type":"page","link":"https:\/\/locoiptv.com\/ar\/iptv-box-android\/","title":{"rendered":"TV Box Android"},"content":{"rendered":"<p style=\"text-align: center;\"><strong>\u062a\u064a \u0641\u064a \u0628\u0648\u0643\u0633 \u0627\u0646\u062f\u0631\u0648\u064a\u062f <\/strong>&gt;&gt; \u00cates-vous \u00e0 la recherche d&rsquo;une <strong>TV Box Android<\/strong> ou d&rsquo;un <strong>\u0628\u0648\u0643\u0633 \u0623\u0646\u062f\u0631\u0648\u064a\u062f<\/strong> en <strong>Belgique<\/strong>? D\u00e9couvrez notre s\u00e9lection d&rsquo;<strong>IP TV BOX<\/strong> et de <strong>D\u00e9codeurs IPTV sans abonnement<\/strong> pour visionner toutes vos \u00e9missions pr\u00e9f\u00e9r\u00e9es en un seul endroit. Gr\u00e2ce \u00e0 <strong>notre offre de qualit\u00e9<\/strong>, vous pourrez profiter d&rsquo;une exp\u00e9rience de t\u00e9l\u00e9vision en streaming haute d\u00e9finition avec une facilit\u00e9 d&rsquo;utilisation maximale. Que vous cherchiez un <strong>IPTV Box<\/strong> ou un <strong>\u0628\u0648\u0643\u0633 \u0623\u0646\u062f\u0631\u0648\u064a\u062f<\/strong> en <strong>Belgique<\/strong>, nous avons ce qu&rsquo;il vous faut. Passez votre commande d\u00e8s maintenant pour profiter de la meilleure exp\u00e9rience de streaming TV possible !<\/p>\n<p><a href=\"https:\/\/www.mecool.com\/products\/tv-box-mecool-km7-plus?ref=ooxlzlgc#!\" target=\"_blank\" rel=\"noopener\"><img loading=\"lazy\" decoding=\"async\" class=\"alignnone size-medium wp-image-5671\" src=\"https:\/\/iptvbelgique.com\/wp-content\/uploads\/2025\/01\/Mecool-km7-plus-tv-box-300x300.webp\" alt=\"Mecool km7 plus tv box\" width=\"300\" height=\"300\" \/><\/a> <a href=\"https:\/\/www.mecool.com\/products\/mecool-km2-plus-deluxe?ref=ooxlzlgc\" target=\"_blank\" rel=\"noopener\"><img loading=\"lazy\" decoding=\"async\" class=\"alignnone wp-image-5744 size-medium\" title=\"MECOOL KM2 PLUS Deluxe TV Box\" src=\"https:\/\/iptvbelgique.com\/wp-content\/uploads\/2025\/01\/KM2PLUSDELUXE5_700x-300x300.webp\" alt=\"MECOOL KM2 PLUS Deluxe TV Box\" width=\"300\" height=\"300\" \/> <\/a><a href=\"https:\/\/www.mecool.com\/products\/tv-box-mecool-km2-plus?ref=ooxlzlgc\" target=\"_blank\" rel=\"noopener\"><img loading=\"lazy\" decoding=\"async\" class=\"alignnone wp-image-5746 size-medium\" title=\"MECOOL KM2 PLUS TV Box\" src=\"https:\/\/iptvbelgique.com\/wp-content\/uploads\/2025\/01\/MECOOLKM2PLUS_3_700x-300x300.webp\" alt=\"MECOOL KM2 PLUS TV Box\" width=\"300\" height=\"300\" \/> <\/a><a href=\"https:\/\/www.mecool.com\/products\/mecool-kd3-android-tv-stick?ref=ooxlzlgc\" target=\"_blank\" rel=\"noopener\"><img loading=\"lazy\" decoding=\"async\" class=\"alignnone wp-image-5748 size-medium\" title=\"MECOOL KD3 Android TV Stick\" src=\"https:\/\/iptvbelgique.com\/wp-content\/uploads\/2025\/01\/MECOOLKD3_700x-300x300.webp\" alt=\"MECOOL KD3 Android TV Stick\" width=\"300\" height=\"300\" \/> <\/a><a href=\"https:\/\/www.mecool.com\/products\/mecool-km2-andriod-tv-box?ref=ooxlzlgc\" target=\"_blank\" rel=\"noopener\"><img loading=\"lazy\" decoding=\"async\" class=\"alignnone wp-image-5750 size-medium\" title=\"MECOOL KM2 Andriod TV Box\" src=\"https:\/\/iptvbelgique.com\/wp-content\/uploads\/2025\/01\/MECOOLKM2_0182f101-d05c-4cc7-b401-3ede268b9d1e_700x-300x300.webp\" alt=\"MECOOL KM2 Android TV Box\" width=\"300\" height=\"300\" \/><\/a><\/p>\n<p>La <strong>TV Box Android<\/strong> <strong>Xiaomi Mi Box S<\/strong> est un <strong>bo\u00eetier IPTV<\/strong> populaire parmi les utilisateurs cherchant \u00e0 profiter d&rsquo;un grand nombre de cha\u00eenes, de films et de s\u00e9ries \u00e0 un prix raisonnable. Dans cet article, nous allons examiner la <strong>configuration<\/strong> de la <strong>Mi Box S<\/strong>, ses <strong>caract\u00e9ristiques<\/strong> cl\u00e9s, son <strong>prix<\/strong> et les <strong>avis<\/strong> des acheteurs.<\/p>\n<h2><span style=\"color: #ff6600;\">Configuration de la Box Android Xiaomi Mi Box S :<\/span><\/h2>\n<p>La <strong>Mi Box S<\/strong> est \u00e9quip\u00e9e d&rsquo;un <strong>processeur quad-core Cortex-A53<\/strong> et d&rsquo;un <strong>GPU Mali-450<\/strong>. Elle dispose \u00e9galement de <strong>2 Go de RAM<\/strong> et de <strong>8 Go de stockage interne<\/strong>. Elle est livr\u00e9e avec une <strong>t\u00e9l\u00e9commande Bluetooth<\/strong> et peut \u00eatre <strong>connect\u00e9e<\/strong> \u00e0 un t\u00e9l\u00e9viseur via un <strong>port HDMI<\/strong>.<\/p>\n<h2><span style=\"color: #ff00ff;\">Caract\u00e9ristiques de la Box Android Xiaomi Mi Box S :<\/span><\/h2>\n<p>La <strong>Box Android Xiaomi Mi Box S<\/strong> est \u00e9quip\u00e9e d&rsquo;<strong>Android TV 8.1<\/strong>, ce qui permet aux utilisateurs d&rsquo;acc\u00e9der \u00e0 une grande vari\u00e9t\u00e9 d&rsquo;applications et de services de streaming tels que <strong>Netflix<\/strong>, <strong>YouTube<\/strong>, <strong>Hulu<\/strong> et plus encore. Elle prend \u00e9galement en charge la <strong>r\u00e9solution 4K HDR<\/strong>, ce qui en fait une <strong>excellente<\/strong> option pour les utilisateurs cherchant une exp\u00e9rience de visionnage immersive.<\/p>\n<p>La<strong> Mi Box S<\/strong> dispose \u00e9galement d&rsquo;une <strong>connectivit\u00e9 Wi-Fi 802.11ac<\/strong> \u0648 <strong>Bluetooth 4.2<\/strong>, ce qui permet aux utilisateurs de se connecter \u00e0 Internet et de connecter des p\u00e9riph\u00e9riques sans fil. Elle prend \u00e9galement en charge la technologie <strong>Dolby Digital<\/strong> Plus pour une qualit\u00e9 sonore sup\u00e9rieure.<\/p>\n<h2><span style=\"color: #33cccc;\">Prix de la Box Android Xiaomi Mi Box S :<\/span><\/h2>\n<p>Le <strong>prix<\/strong> de la <strong>Box Android Xiaomi Mi Box S<\/strong> varie en fonction des <strong>fournisseurs<\/strong> et des <strong>promotions<\/strong> en cours. En g\u00e9n\u00e9ral, elle est vendue \u00e0 un prix raisonnable par rapport \u00e0 d&rsquo;autres <strong>bo\u00eetiers IPTV<\/strong> sur le march\u00e9.<\/p>\n<h3><span style=\"color: #99cc00;\">Avis des acheteurs de la Box Android Xiaomi Mi Box S :<\/span><\/h3>\n<p>Les avis des acheteurs de la <strong>Mi Box S<\/strong> sont g\u00e9n\u00e9ralement <strong>positifs<\/strong>. Les utilisateurs appr\u00e9cient la qualit\u00e9 de l&rsquo;image et du son, ainsi que la facilit\u00e9 d&rsquo;utilisation de l&rsquo;appareil. Cependant, certains utilisateurs ont signal\u00e9 des probl\u00e8mes de compatibilit\u00e9 avec certaines applications et des probl\u00e8mes de stabilit\u00e9 de la connexion Wi-Fi.<\/p>\n<h3><span style=\"color: #800080;\">Nos abonnements IPTV pour la Box Android Xiaomi Mi Box S :<\/span><\/h3>\n<p>Chez <a title=\"LOCO IPTV\" href=\"\/ar\/\"><strong>\u0644\u0648\u0643\u0648 \u0625\u064a\u0628\u064a \u062a\u064a\u0641\u064a<\/strong><\/a>, nous proposons des <a title=\"Abonnements IPTV Premium\" href=\"https:\/\/locoiptv.com\/ar\/iptv-abonnement\/abonnement-iptv-12-mois-premium\/\"><strong>Abonnements IPTV Premium<\/strong><\/a> pour la <strong>Box Android Xiaomi Mi Box S<\/strong> qui contiennent plus de <strong>90 000 cha\u00eenes<\/strong>, <strong>films et s\u00e9ries<\/strong>. Nos <strong>Abonnements IPTV<\/strong> offrent une grande vari\u00e9t\u00e9 de cha\u00eenes et de contenus, y compris des cha\u00eenes sportives, des cha\u00eenes pour enfants, des cha\u00eenes de films et de s\u00e9ries, et bien plus encore.<\/p>\n<p>En r\u00e9sum\u00e9, la <strong>Box Android Xiaomi Mi Box S<\/strong> est une option abordable et pratique pour les utilisateurs cherchant \u00e0 profiter d&rsquo;une large s\u00e9lection de cha\u00eenes, de films et de s\u00e9ries. Elle offre des caract\u00e9ristiques et des fonctionnalit\u00e9s cl\u00e9s, notamment une connectivit\u00e9 Wi-Fi et Bluetooth, ainsi qu&rsquo;une qualit\u00e9 d&rsquo;image et de son sup\u00e9rieure. Chez <a title=\"\u0644\u0648\u0643\u0648 \u0625\u064a\u0628\u064a \u062a\u064a\u0641\u064a\" href=\"\/ar\/\"><strong>\u0644\u0648\u0643\u0648 \u0625\u064a\u0628\u064a \u062a\u064a\u0641\u064a<\/strong><\/a>, nous proposons des <a title=\"Abonnements IPTV\" href=\"https:\/\/locoiptv.com\/ar\/boutique\/\"><strong>Abonnements IPTV<\/strong><\/a> pour la<strong> Mi Box S<\/strong> qui offrent une vari\u00e9t\u00e9 de contenu <strong>\u00e0 un prix comp\u00e9titif<\/strong>.<\/p>","protected":false},"excerpt":{"rendered":"<p>BOX ANDROID &gt;&gt; \u00cates-vous \u00e0 la recherche d&rsquo;une Box Android ou d&rsquo;un Bo\u00eetier IPTV en Belgique? D\u00e9couvrez notre s\u00e9lection d&rsquo;IP TV BOX et de D\u00e9codeurs IPTV<span class=\"excerpt-hellip\"> [\u2026]<\/span><\/p>\n","protected":false},"author":1,"featured_media":0,"parent":0,"menu_order":0,"comment_status":"closed","ping_status":"closed","template":"","meta":{"footnotes":""},"class_list":["post-385","page","type-page","status-publish","hentry"],"_links":{"self":[{"href":"https:\/\/locoiptv.com\/ar\/wp-json\/wp\/v2\/pages\/385","targetHints":{"allow":["GET"]}}],"collection":[{"href":"https:\/\/locoiptv.com\/ar\/wp-json\/wp\/v2\/pages"}],"about":[{"href":"https:\/\/locoiptv.com\/ar\/wp-json\/wp\/v2\/types\/page"}],"author":[{"embeddable":true,"href":"https:\/\/locoiptv.com\/ar\/wp-json\/wp\/v2\/users\/1"}],"replies":[{"embeddable":true,"href":"https:\/\/locoiptv.com\/ar\/wp-json\/wp\/v2\/comments?post=385"}],"version-history":[{"count":12,"href":"https:\/\/locoiptv.com\/ar\/wp-json\/wp\/v2\/pages\/385\/revisions"}],"predecessor-version":[{"id":723,"href":"https:\/\/locoiptv.com\/ar\/wp-json\/wp\/v2\/pages\/385\/revisions\/723"}],"wp:attachment":[{"href":"https:\/\/locoiptv.com\/ar\/wp-json\/wp\/v2\/media?parent=385"}],"curies":[{"name":"wp","href":"https:\/\/api.w.org\/{rel}","templated":true}]}}