{"id":841,"date":"2025-12-30T18:23:43","date_gmt":"2025-12-30T17:23:43","guid":{"rendered":"https:\/\/locoiptv.com\/iptv-pas-cher\/"},"modified":"2025-12-30T18:23:43","modified_gmt":"2025-12-30T17:23:43","slug":"iptv-pas-cher","status":"publish","type":"page","link":"https:\/\/locoiptv.com\/ar\/iptv-pas-cher\/","title":{"rendered":"IPTV Pas Cher"},"content":{"rendered":"<p class=\"ds-dev-content-paragraph\">Vous en avez assez des abonnements TV trop chers et des contenus limit\u00e9s? Notre service IPTV r\u00e9volutionne votre divertissement. Pour un prix minuscule, acc\u00e9dez \u00e0 un univers de programmes infini. Plus de 30 000 cha\u00eenes TV et 120 000 contenus VOD vous attendent, en qualit\u00e9 HD, Full HD et 4K. C&rsquo;est l&rsquo;offre la plus compl\u00e8te et la plus \u00e9conomique du march\u00e9.<\/p>\n<p class=\"ds-dev-content-paragraph\">Nous ne vendons pas juste un acc\u00e8s, nous offrons une exp\u00e9rience de visionnage parfaite. Voici ce qui fait la diff\u00e9rence.<\/p>","protected":false},"excerpt":{"rendered":"<p>IPTV Pas Cher : Acc\u00e9dez \u00e0 30 000 Cha\u00eenes Sans Ruiner Votre BudgetMeilleur Service IPTV Pas Cher 2026 &#8211; 30K Cha\u00eenes &amp; 120K VODVous en&#8230;<\/p>","protected":false},"author":1,"featured_media":0,"parent":0,"menu_order":0,"comment_status":"closed","ping_status":"closed","template":"","meta":{"footnotes":""},"class_list":["post-841","page","type-page","status-publish","hentry"],"_links":{"self":[{"href":"https:\/\/locoiptv.com\/ar\/wp-json\/wp\/v2\/pages\/841","targetHints":{"allow":["GET"]}}],"collection":[{"href":"https:\/\/locoiptv.com\/ar\/wp-json\/wp\/v2\/pages"}],"about":[{"href":"https:\/\/locoiptv.com\/ar\/wp-json\/wp\/v2\/types\/page"}],"author":[{"embeddable":true,"href":"https:\/\/locoiptv.com\/ar\/wp-json\/wp\/v2\/users\/1"}],"replies":[{"embeddable":true,"href":"https:\/\/locoiptv.com\/ar\/wp-json\/wp\/v2\/comments?post=841"}],"version-history":[{"count":0,"href":"https:\/\/locoiptv.com\/ar\/wp-json\/wp\/v2\/pages\/841\/revisions"}],"wp:attachment":[{"href":"https:\/\/locoiptv.com\/ar\/wp-json\/wp\/v2\/media?parent=841"}],"curies":[{"name":"wp","href":"https:\/\/api.w.org\/{rel}","templated":true}]}}