{"id":374,"date":"2023-02-09T22:10:13","date_gmt":"2023-02-09T21:10:13","guid":{"rendered":"https:\/\/locoiptv.com\/?page_id=374"},"modified":"2025-02-13T13:27:59","modified_gmt":"2025-02-13T12:27:59","slug":"comment-installer-votre-abonnementiptv-sur-iptv-smarters-pro","status":"publish","type":"page","link":"https:\/\/locoiptv.com\/en\/comment-installer-votre-abonnementiptv-sur-iptv-smarters-pro\/","title":{"rendered":"Comment installer votre Abonnement IPTV sur IPTV SMARTERS PRO ?"},"content":{"rendered":"<div class=\"image_frame element_classes image_item no_link scale-with-grid aligncenter no_border\" ><div class=\"image_wrapper\"><img loading=\"lazy\" decoding=\"async\" class=\"scale-with-grid\" src=\"https:\/\/locoiptv.com\/wp-content\/uploads\/2023\/02\/iptvsmarterspro.png\" alt=\"iptv smarters pro\" title=\"\"  width=\"210\" height=\"220\" \/><\/div><\/div>\n\n<p><strong>IPTV Smarters Pro<\/strong> est un lecteur <strong>IPTV<\/strong> qui permet aux utilisateurs de <strong>diffuser en direct la t\u00e9l\u00e9vision,<\/strong> la vid\u00e9o sur demande et d&rsquo;autres contenus multim\u00e9dias sur internet. Voici un tutoriel sur la fa\u00e7on d&rsquo;<strong>utiliser IPTV Smarters Pro<\/strong> :<\/p>\n<a class=\"button  button_size_2 button_purple\"  href=\"https:\/\/locoiptv.com\/en\/boutique\/\" target=\"_blank\"   ><span class=\"button_label\">ABONNEZ-VOUS MAINTENANT!<\/span><\/a>\n\n<ol>\n<li><strong>Installez<\/strong> l&rsquo;application <a title=\"IPTV Smarters Pro\" href=\"https:\/\/www.iptvsmarters.com\/#downloads\" target=\"_blank\" rel=\"noopener\"><strong>IPTV Smarters Pro<\/strong><\/a> : vous pouvez t\u00e9l\u00e9charger l&rsquo;<strong>application IPTV Smarters Pro<\/strong> depuis le <strong>App Store<\/strong> ou le <strong>Google Play Store<\/strong> sur votre appareil.<\/li>\n<li><strong>Ouvrez<\/strong> l&rsquo;application et s\u00e9lectionnez<strong> \u00ab\u00a0Ajouter un utilisateur\u00a0\u00bb<\/strong>.<\/li>\n<li><strong>Entrez<\/strong> les informations d&rsquo;identification de l&rsquo;<a title=\"ABONNEMENT IPTV\" href=\"https:\/\/locoiptv.com\/en\/produit\/abonnement-iptv-12-mois-vip\/\"><strong>ABONNEMENT IPTV<\/strong><\/a> : vous devrez entrer le nom d&rsquo;utilisateur et le mot de passe fournis par votre <a title=\"FOURNISSEUR IPTV\" href=\"\/en\/\"><strong>fournisseur de service IPTV<\/strong><\/a>. Vous pouvez \u00e9galement entrer l&rsquo;URL du serveur si n\u00e9cessaire.<\/li>\n<li><strong>Chargez<\/strong> votre liste de lecture IPTV : vous pouvez charger votre liste de lecture IPTV en s\u00e9lectionnant <strong>\u00ab\u00a0Charger votre liste de lecture\u00a0\u00bb<\/strong>. Vous pouvez entrer l&rsquo;URL de votre liste de lecture ou t\u00e9l\u00e9charger directement le fichier <strong>M3U<\/strong>.<\/li>\n<li><strong>Parcourez<\/strong> les cha\u00eenes : une fois que votre liste de lecture a \u00e9t\u00e9 charg\u00e9e, vous pouvez parcourir les cha\u00eenes en s\u00e9lectionnant <strong>\u00ab\u00a0Live TV\u00a0\u00bb<\/strong>. Vous pouvez \u00e9galement acc\u00e9der au contenu en demande et \u00e0 d&rsquo;autres contenus multim\u00e9dias depuis le menu principal.<\/li>\n<li><strong>Lire<\/strong> une cha\u00eene : pour lire une cha\u00eene, il suffit de la s\u00e9lectionner dans la liste et le flux d\u00e9marrera. Vous pouvez ajuster les param\u00e8tres tels que la qualit\u00e9 et la langue du flux si n\u00e9cessaire.<\/li>\n<li>Profitez de IPTV : vous \u00eates maintenant pr\u00eat \u00e0 profiter de votre <a title=\"ABONNEMENT IPTV\" href=\"https:\/\/locoiptv.com\/en\/produit\/abonnement-iptv-12-mois-premium\/\"><strong>ABONNEMENT IPTV<\/strong><\/a> en utilisant <strong>IPTV Smarters Pro<\/strong>.<\/li>\n<\/ol>\n<p>&nbsp;<\/p>\n<p>&nbsp;<\/p>","protected":false},"excerpt":{"rendered":"<p>IPTV Smarters Pro est un lecteur IPTV qui permet aux utilisateurs de diffuser en direct la t\u00e9l\u00e9vision, la vid\u00e9o sur demande et d&rsquo;autres contenus multim\u00e9dias sur<span class=\"excerpt-hellip\"> [\u2026]<\/span><\/p>\n","protected":false},"author":1,"featured_media":0,"parent":0,"menu_order":0,"comment_status":"closed","ping_status":"closed","template":"","meta":{"footnotes":""},"class_list":["post-374","page","type-page","status-publish","hentry"],"_links":{"self":[{"href":"https:\/\/locoiptv.com\/en\/wp-json\/wp\/v2\/pages\/374","targetHints":{"allow":["GET"]}}],"collection":[{"href":"https:\/\/locoiptv.com\/en\/wp-json\/wp\/v2\/pages"}],"about":[{"href":"https:\/\/locoiptv.com\/en\/wp-json\/wp\/v2\/types\/page"}],"author":[{"embeddable":true,"href":"https:\/\/locoiptv.com\/en\/wp-json\/wp\/v2\/users\/1"}],"replies":[{"embeddable":true,"href":"https:\/\/locoiptv.com\/en\/wp-json\/wp\/v2\/comments?post=374"}],"version-history":[{"count":4,"href":"https:\/\/locoiptv.com\/en\/wp-json\/wp\/v2\/pages\/374\/revisions"}],"predecessor-version":[{"id":379,"href":"https:\/\/locoiptv.com\/en\/wp-json\/wp\/v2\/pages\/374\/revisions\/379"}],"wp:attachment":[{"href":"https:\/\/locoiptv.com\/en\/wp-json\/wp\/v2\/media?parent=374"}],"curies":[{"name":"wp","href":"https:\/\/api.w.org\/{rel}","templated":true}]}}