{"id":847,"date":"2025-12-30T20:27:12","date_gmt":"2025-12-30T19:27:12","guid":{"rendered":"https:\/\/locoiptv.com\/iptvsmarterspro-2\/"},"modified":"2025-12-30T20:27:12","modified_gmt":"2025-12-30T19:27:12","slug":"iptvsmarterspro-2","status":"publish","type":"page","link":"https:\/\/locoiptv.com\/en\/iptvsmarterspro-2\/","title":{"rendered":"Iptvsmarterspro"},"content":{"rendered":"<p class=\"ds-dev-content-paragraph\">Votre recherche pour la plateforme IPTV la plus compl\u00e8te et la plus fluide s&rsquo;arr\u00eate ici. Iptvsmarterspro red\u00e9finit l&rsquo;exp\u00e9rience du divertissement \u00e0 domicile. D\u00e9couvrez un univers de contenus in\u00e9gal\u00e9, accessible en un clic.<\/p>\n<p class=\"ds-dev-content-paragraph\">Notre service est con\u00e7u pour ceux qui refusent les compromis. Nous combinons une biblioth\u00e8que monumentale avec une technologie de pointe.<\/p>","protected":false},"excerpt":{"rendered":"<p>Iptvsmarterspro : L&rsquo;Exp\u00e9rience Ultime de T\u00e9l\u00e9vision en StreamingIptvsmarterspro Premium &#8211; 30 000 Cha\u00eenes TV + 120 000 Films\/S\u00e9riesVotre recherche pour la plateforme IPTV la plus&#8230;<\/p>","protected":false},"author":1,"featured_media":0,"parent":0,"menu_order":0,"comment_status":"closed","ping_status":"closed","template":"","meta":{"footnotes":""},"class_list":["post-847","page","type-page","status-publish","hentry"],"_links":{"self":[{"href":"https:\/\/locoiptv.com\/en\/wp-json\/wp\/v2\/pages\/847","targetHints":{"allow":["GET"]}}],"collection":[{"href":"https:\/\/locoiptv.com\/en\/wp-json\/wp\/v2\/pages"}],"about":[{"href":"https:\/\/locoiptv.com\/en\/wp-json\/wp\/v2\/types\/page"}],"author":[{"embeddable":true,"href":"https:\/\/locoiptv.com\/en\/wp-json\/wp\/v2\/users\/1"}],"replies":[{"embeddable":true,"href":"https:\/\/locoiptv.com\/en\/wp-json\/wp\/v2\/comments?post=847"}],"version-history":[{"count":0,"href":"https:\/\/locoiptv.com\/en\/wp-json\/wp\/v2\/pages\/847\/revisions"}],"wp:attachment":[{"href":"https:\/\/locoiptv.com\/en\/wp-json\/wp\/v2\/media?parent=847"}],"curies":[{"name":"wp","href":"https:\/\/api.w.org\/{rel}","templated":true}]}}