{"id":851,"date":"2025-12-30T21:53:51","date_gmt":"2025-12-30T20:53:51","guid":{"rendered":"https:\/\/locoiptv.com\/iptv-prix\/"},"modified":"2025-12-30T21:53:51","modified_gmt":"2025-12-30T20:53:51","slug":"iptv-prix","status":"publish","type":"page","link":"https:\/\/locoiptv.com\/en\/iptv-prix\/","title":{"rendered":"IPTV Prix"},"content":{"rendered":"<p class=\"ds-dev-content-paragraph\">Vous cherchez le meilleur rapport qualit\u00e9-prix pour votre divertissement? Notre service IPTV red\u00e9finit l&rsquo;exp\u00e9rience t\u00e9l\u00e9visuelle. Pour un investissement minime, acc\u00e9dez \u00e0 un univers de contenus in\u00e9gal\u00e9. C&rsquo;est l&rsquo;offre la plus intelligente du march\u00e9.<\/p>\n<p class=\"ds-dev-content-paragraph\">Choisir notre service, c&rsquo;est opter pour la valeur maximale. Chaque centime est investi dans votre satisfaction et votre confort de visionnage.<\/p>","protected":false},"excerpt":{"rendered":"<p>IPTV Prix : Acc\u00e9dez \u00e0 30 000 Cha\u00eenes Sans Engager Votre BudgetIPTV Prix Premium &#8211; 30 000 Cha\u00eenes TV + 120 000 Films\/S\u00e9riesVous cherchez le&#8230;<\/p>","protected":false},"author":1,"featured_media":0,"parent":0,"menu_order":0,"comment_status":"closed","ping_status":"closed","template":"","meta":{"footnotes":""},"class_list":["post-851","page","type-page","status-publish","hentry"],"_links":{"self":[{"href":"https:\/\/locoiptv.com\/en\/wp-json\/wp\/v2\/pages\/851","targetHints":{"allow":["GET"]}}],"collection":[{"href":"https:\/\/locoiptv.com\/en\/wp-json\/wp\/v2\/pages"}],"about":[{"href":"https:\/\/locoiptv.com\/en\/wp-json\/wp\/v2\/types\/page"}],"author":[{"embeddable":true,"href":"https:\/\/locoiptv.com\/en\/wp-json\/wp\/v2\/users\/1"}],"replies":[{"embeddable":true,"href":"https:\/\/locoiptv.com\/en\/wp-json\/wp\/v2\/comments?post=851"}],"version-history":[{"count":0,"href":"https:\/\/locoiptv.com\/en\/wp-json\/wp\/v2\/pages\/851\/revisions"}],"wp:attachment":[{"href":"https:\/\/locoiptv.com\/en\/wp-json\/wp\/v2\/media?parent=851"}],"curies":[{"name":"wp","href":"https:\/\/api.w.org\/{rel}","templated":true}]}}