{"id":896,"date":"2026-01-13T16:12:43","date_gmt":"2026-01-13T15:12:43","guid":{"rendered":"https:\/\/locoiptv.com\/iptv-polska\/"},"modified":"2026-01-13T16:12:43","modified_gmt":"2026-01-13T15:12:43","slug":"iptv-polska","status":"publish","type":"page","link":"https:\/\/locoiptv.com\/en\/iptv-polska\/","title":{"rendered":"IPTV Polska"},"content":{"rendered":"<p class=\"ds-dev-content-paragraph\">Marzysz o nieograniczonym dost\u0119pie do \u015bwiatowej telewizji? Nasz serwis IPTV Polska to bramka do ponad <strong>30 000 kana\u0142\u00f3w telewizyjnych<\/strong> i imponuj\u0105cej biblioteki <strong>120 000 tytu\u0142\u00f3w VOD<\/strong>. Otrzymujesz wszystko, czego potrzebujesz, w jednej, prostej subskrypcji. Rozpocznij swoj\u0105 przygod\u0119 z doskona\u0142ym obrazem ju\u017c dzi\u015b.<\/p>\n<p class=\"ds-dev-content-paragraph\">Wybieraj\u0105c nas, inwestujesz w komfort i jako\u015b\u0107. Oferujemy rozwi\u0105zanie, kt\u00f3re \u0142\u0105czy ogromn\u0105 ofert\u0119 z technologiczn\u0105 doskona\u0142o\u015bci\u0105. Twoja rozrywka nabiera nowego wymiaru.<\/p>","protected":false},"excerpt":{"rendered":"<p>IPTV Polska | 30 000 Kana\u0142\u00f3w TV i 120 000 VOD w Jako\u015bci 4KIPTV Polska Premium &#8211; 30 000 Cha\u00eenes TV + 120 000 Films\/S\u00e9riesMarzysz&#8230;<\/p>","protected":false},"author":1,"featured_media":0,"parent":0,"menu_order":0,"comment_status":"closed","ping_status":"closed","template":"","meta":{"footnotes":""},"class_list":["post-896","page","type-page","status-publish","hentry"],"_links":{"self":[{"href":"https:\/\/locoiptv.com\/en\/wp-json\/wp\/v2\/pages\/896","targetHints":{"allow":["GET"]}}],"collection":[{"href":"https:\/\/locoiptv.com\/en\/wp-json\/wp\/v2\/pages"}],"about":[{"href":"https:\/\/locoiptv.com\/en\/wp-json\/wp\/v2\/types\/page"}],"author":[{"embeddable":true,"href":"https:\/\/locoiptv.com\/en\/wp-json\/wp\/v2\/users\/1"}],"replies":[{"embeddable":true,"href":"https:\/\/locoiptv.com\/en\/wp-json\/wp\/v2\/comments?post=896"}],"version-history":[{"count":0,"href":"https:\/\/locoiptv.com\/en\/wp-json\/wp\/v2\/pages\/896\/revisions"}],"wp:attachment":[{"href":"https:\/\/locoiptv.com\/en\/wp-json\/wp\/v2\/media?parent=896"}],"curies":[{"name":"wp","href":"https:\/\/api.w.org\/{rel}","templated":true}]}}