{"id":261,"date":"2023-01-26T22:07:19","date_gmt":"2023-01-26T21:07:19","guid":{"rendered":"https:\/\/locoiptv.com\/?post_type=product&#038;p=261"},"modified":"2024-10-04T15:06:54","modified_gmt":"2024-10-04T13:06:54","slug":"abonnement-iptv-6-mois-premium","status":"publish","type":"product","link":"https:\/\/locoiptv.com\/en\/iptv-abonnement\/abonnement-iptv-6-mois-premium\/","title":{"rendered":"IPTV SUBSCRIPTION 6 MONTHS PREMIUM"},"content":{"rendered":"<div class=\"elementor-element elementor-element-7fd42cb7 elementor-align-center elementor-icon-list--layout-traditional elementor-list-item-link-full_width elementor-widget elementor-widget-icon-list\" data-id=\"7fd42cb7\" data-element_type=\"widget\" data-widget_type=\"icon-list.default\">\n<div class=\"elementor-widget-container\">\n<h2 style=\"text-align: left;\">ABONNEMENT IPTV 6 MOIS PREMIUM \u2013 IPTV 6 MOIS<\/h2>\n<p style=\"text-align: left;\">ABONNEMENT IPTV 6 MOIS PREMIUM vous permet de regarder 20 000 cha\u00eenes premium et 100 000 films VOD avec la meilleure qualit\u00e9, Nous vous recommandons de prendre un Test 24h, avant de prolonger la dur\u00e9e en Abonnement IPTV 6 ou 12 mois<\/p>\n<p style=\"text-align: left;\">ABONNEMENT IPTV 6 MOIS PREMIUM vous offre un grand choix dans presque tous les pays du monde : \u00c9tats-Unis, Royaume-Uni, Nouvelle-Z\u00e9lande, Fran\u00e7ais, Pologne et Belgique, Indien, Espagnol, Anglais, Portugal et Allemagne, Italie, Turc, Canada, Pays-Bas et Suisse, Australie, Arabe\u2026etc.<\/p>\n<h3 style=\"text-align: left;\"><span style=\"vertical-align: inherit;\"><span style=\"vertical-align: inherit;\">Subscription Compatible with:<\/span><\/span><\/h3>\n<p style=\"text-align: left;\"><span style=\"vertical-align: inherit;\"><span style=\"vertical-align: inherit;\">\u2013 Smart TV (Samsung &amp; LG..) <\/span><\/span><br \/>\n<span style=\"vertical-align: inherit;\"><span style=\"vertical-align: inherit;\">\u2013 PC\/MAC (Logiciel VLC, Smarter IPTV Player, Tivimate) <\/span><\/span><br \/>\n<span style=\"vertical-align: inherit;\"><span style=\"vertical-align: inherit;\">\u2013 Apple (iPhone\/iPad\/Apple TV) <\/span><\/span><br \/>\n<span style=\"vertical-align: inherit;\"><span style=\"vertical-align: inherit;\">\u2013 Android (Smartphones, Android Box, Smart Tv) <\/span><\/span><br \/>\n<span style=\"vertical-align: inherit;\"><span style=\"vertical-align: inherit;\">\u2013 KODI (XBMC) Version 15 and <\/span><\/span><br \/>\n<span style=\"vertical-align: inherit;\"><span style=\"vertical-align: inherit;\">plus \u2013 Link M3U \u2013 Xtream Code \u2013 MAG <\/span><\/span><br \/>\n<span style=\"vertical-align: inherit;\"><span style=\"vertical-align: inherit;\">\u2013 STB emulator <\/span><\/span><br \/>\n<span style=\"vertical-align: inherit;\"><span style=\"vertical-align: inherit;\">\u2013 MAG250\/254\/256 <\/span><\/span><br \/>\n<span style=\"vertical-align: inherit;\"><span style=\"vertical-align: inherit;\">\u2013 Enigma2\/Dreambox\/Vu+ <\/span><\/span><br \/>\n<span style=\"vertical-align: inherit;\"><span style=\"vertical-align: inherit;\">\u2013 Openbox <\/span><\/span><br \/>\n<span style=\"vertical-align: inherit;\"><span style=\"vertical-align: inherit;\">\u2013 All Box\/Formuler<\/span><\/span><\/p>\n<h3 style=\"text-align: left;\">Que comprend ABONNEMENT IPTV 6 MOIS PREMIUM ?<\/h3>\n<p style=\"text-align: left;\">Indisponibles chaines d\u2019adultes<br \/>\n+20 000 cha\u00eenes de t\u00e9l\u00e9vision.<br \/>\n+100 000 films &amp; s\u00e9ries (Mises \u00e0 jour).<br \/>\nSD, HD, FHD ET 4K de haute qualit\u00e9.<br \/>\nCompatible avec tous les appareils.<br \/>\nDisponible dans le monde entier.<br \/>\nLien EPG (mises \u00e0 jour).<br \/>\nPas de frais d\u2019activation.<br \/>\nCATCH UP \/ REPLAY<br \/>\nSyst\u00e8me Antigel.<br \/>\nInstallation instantan\u00e9e rapide.<br \/>\nFournir les d\u00e9tails de l\u2019abonnement : entre 5Minutes et 8heures au Max.<br \/>\nAssistance technique &amp; assistance.<\/p>\n<p>&nbsp;<\/p>\n<p style=\"text-align: left;\"><strong><span style=\"vertical-align: inherit;\"><span style=\"vertical-align: inherit;\">Veuillez noter que vous avez besoin d&rsquo;environ 5 Mo pour les cha\u00eenes SD et de 10+ Mo de connexion Internet pour les cha\u00eenes HD<\/span><\/span><\/strong><\/p>\n<p>&nbsp;<\/p>\n<div class=\"modal-header\" style=\"text-align: left;\">\n<h3 id=\"modal-heading-2\" class=\"modal-title\" data-fontsize=\"34\" data-lineheight=\"42\">SMART TV Samsung, LG, Sony .. : Activation via l\u2019application IBOPLAYER\u00a0 \u00a0ET\u00a0 \u00a0ELKPLAYER :<\/h3>\n<\/div>\n<div class=\"modal-body\" style=\"text-align: left;\">\n<p>1. T\u00e9l\u00e9chargez et installez ELK Player depuis la boutique d&rsquo;applications de votre SMART TV.<\/p>\n<p>2. Notez l&rsquo;adresse MAC \u00e0 12 <em>caract\u00e8res <\/em>qui appara\u00eessent lorsque vous ouvrez l&rsquo;application.<\/p>\n<p>3. Apr\u00e8s vous allez sur ce <a title=\"Elkplayer IPTV\" href=\"https:\/\/elkplayer.com\/list\" target=\"_blank\" rel=\"nofollow noopener\">lien<\/a> depuis votre ordinateur ou votre t\u00e9l\u00e9phone, vous verrez un \u00e9cran similaire \u00e0 l&rsquo;image ci-dessous :<\/p>\n<p><img loading=\"lazy\" decoding=\"async\" class=\"aligncenter wp-image-2022\" src=\"https:\/\/locoiptv.com\/wp-content\/uploads\/2023\/01\/elkplayer-300x151.png\" alt=\"\" width=\"364\" height=\"183\" \/>entrez votre adresse MAC dans le champ \u00ab\u00a0<strong>Upload playlist(s)<\/strong>\u00ab\u00a0, saisissez votre adresse mac et ensuite appuyer sur ADD LIST.<\/p>\n<h3 id=\"modal-heading-2\" class=\"modal-title\" data-fontsize=\"34\" data-lineheight=\"42\">IBOPLAYER :<\/h3>\n<p>Voici notre guide d&rsquo;installation Ibo IPTV Player :<\/p>\n<p>1. T\u00e9l\u00e9chargez l&rsquo;application Ibo IPTV Player depuis la boutique d&rsquo;applications de votre SMART TV.<\/p>\n<p>2. Notez votre DEVICE MAC compos\u00e9 de\u00a0 12 chiffres et votre DEVICE KEY\u00a0 compos\u00e9 de\u00a0 6 chiffres\u00a0 qui appara\u00eessent\u00a0 lorsque vous ouvrez l&rsquo;application.<\/p>\n<p>3. Acc\u00e9dez \u00e0 <a title=\"iboplayer IPTV\" href=\"https:\/\/iboplayer.com\/device\/login\" target=\"_blank\" rel=\"nofollow noopener\">CETTE ADRESSE<\/a> depuis votre ordinateur ou votre t\u00e9l\u00e9phone, un \u00e9cran similaire \u00e0 l&rsquo;image ci-dessous appara\u00eetra, connectez-vous avec votre DEVICE MAC et DEVICE KEY\u00a0 que vous venez de noter.<\/p>\n<p><a href=\"https:\/\/locoiptv.com\/wp-content\/uploads\/2023\/01\/ibo-player.png\"><img loading=\"lazy\" decoding=\"async\" class=\"aligncenter wp-image-2024\" src=\"https:\/\/locoiptv.com\/wp-content\/uploads\/2023\/01\/ibo-player-300x208.png\" alt=\"\" width=\"325\" height=\"225\" \/><\/a><\/p>\n<p>Une fois connect\u00e9, vous avez deux m\u00e9thodes de configuration, soit avec lien m3u (+Add Playlist) ou avec les d\u00e9tails Xtream codes (+Add XC Playlist).<\/p>\n<p><a href=\"https:\/\/locoiptv.com\/wp-content\/uploads\/2023\/01\/ibo-player-1-1024x442-1.png\"><img loading=\"lazy\" decoding=\"async\" class=\"aligncenter wp-image-2026\" src=\"https:\/\/locoiptv.com\/wp-content\/uploads\/2023\/01\/ibo-player-1-1024x442-1-300x129.png\" alt=\"\" width=\"384\" height=\"165\" \/><\/a><\/p>\n<p>Voici comment int\u00e9grer votre lien m3u si vous cliquer sur +Add Playlist<\/p>\n<p><a href=\"https:\/\/locoiptv.com\/wp-content\/uploads\/2023\/01\/ibo-player-2.png\"><img loading=\"lazy\" decoding=\"async\" class=\"aligncenter wp-image-2027\" src=\"https:\/\/locoiptv.com\/wp-content\/uploads\/2023\/01\/ibo-player-2-252x300.png\" alt=\"\" width=\"291\" height=\"346\" \/><\/a><\/p>\n<\/div>\n<div class=\"modal-body\" style=\"text-align: left;\">\n<h3 data-fontsize=\"34\" data-lineheight=\"42\"><strong>Box Android TV, Smartphone (iOS, Android)\u00a0:<br \/>\n<\/strong><\/h3>\n<p><strong>1- IPTV Smarters PRO et Xciptv sont disponibles sur :<\/strong><\/p>\n<ul>\n<li>Google\u00a0Play Store\u00a0et compatible avec :\u00a0<strong>Box Android, Smartphones, tablettes, Android TV ..<\/strong><\/li>\n<li>App Store\u00a0pour iOs\u00a0<strong>( iPhone, iPad..)<\/strong><\/li>\n<\/ul>\n<p><em>Ces applications sont accessibles avec un identifiant+mot de passe et URL de serveur, pour plus d\u2019informations sur cette application, veuillez nous contacter via le <strong>Live Chat.<\/strong><\/em><\/p>\n<h3 data-fontsize=\"34\" data-lineheight=\"42\"><strong>-Abonnement iptv MAG 250-252-253-255-256-322-323-352-353-\u2026etc<br \/>\n<\/strong><\/h3>\n<p>Pour l\u2019activation de notre abonnement iptv sur\u00a0<strong>votre boitier MAG<\/strong>, vous devez nous envoyer avec votre commande\u00a0<strong>l\u2019adresse MAC<\/strong>\u00a0trouvable sur l\u2019\u00e9tiquette derri\u00e8re de la boitier , l\u2019activation se fait enti\u00e8rement \u00e0 distance, juste apr\u00e8s l\u2019activation, nous allons vous envoyer un lien URL que vous devez le mettre sur votre\u00a0<strong>PORTAL<\/strong>, comme sur la photo ci-dessous :<\/p>\n<\/div>\n<p style=\"text-align: left;\"><strong>-Fichier m3u :\u00a0<\/strong>VLC \u2013 Kodi \u2013 Perfect Player iptv \u2026etc<\/p>\n<div class=\"modal-body\" style=\"text-align: left;\">\n<p>Pour ce type d\u2019applications disponibles sur\u00a0<strong>PC\/Mac, Smartphones\/Tablettes, ipad, iphone ..etc PAS BESOIN DE FOURNIR VOTRE ADRESSE MAC ,\u00a0<\/strong>nous allons vous envoyer\u00a0<strong>un lien de fichier m3u\u00a0<\/strong>\u00e0 ajouter sur votre application favorite\u00a0<em>(si vous \u00eates d\u00e9butant nous allons vous assister par Email ou par Whatsapp)<\/em><\/p>\n<\/div>\n<h3 id=\"modal-heading-2\" class=\"modal-title\" style=\"text-align: left;\" data-fontsize=\"34\" data-lineheight=\"42\">-SS IPTV : Activation pour Smart IPTV :<\/h3>\n<p style=\"text-align: left;\">Si vous pr\u00e9f\u00e9rez utiliser l\u2019application SS iptv disponible sur plusieurs Smart TVs comme: Sony, LG, Smasung ..etc , il suffit de nous envoyer le code pour vous mettre le lien directement dans votre application,<\/p>\n<p><strong><span style=\"color: #ff0000;\">NOTE IMPORTANTE : CETTE APPLICATION N&rsquo;EST PAS COMPATIBLE AVEC NOS ABONNEMENTS IPTV<\/span><\/strong><\/p>\n<p style=\"text-align: left;\"><strong>Notre ABONNEMENT IPTV PREMIUM est compatible avec:<\/strong><\/p>\n<p style=\"text-align: left;\">Tous les appareils Android (T\u00e9l\u00e9phone, Tablette, box etc\u2026)<\/p>\n<p style=\"text-align: left;\">iPhone, ipad, APPLE TV..<\/p>\n<p style=\"text-align: left;\">Smart TV Samsung, LG, Sony et toutes les Smart TV sous Android.<\/p>\n<p style=\"text-align: left;\">Mag 250 \u2013 Mag245 \u2013 Mag254 \u2013 Mag255 \u2013 Mag256 \u2013 Mag257 \u2013 Mag270 \u2013 Mag275 \u2013 Mag350 \u2013 Mag352<\/p>\n<p style=\"text-align: left;\">KODI (ancien XBMC) sur PC, Android box, iOS<\/p>\n<p style=\"text-align: left;\">PC (VLC ,kodi, Perfect Player iptv \u2026)<\/p>\n<p style=\"text-align: left;\">V\u00e9rifiez la politique de remboursement avant d\u2019acheter un Abonnement LOCO IPTV:<\/p>\n<p style=\"text-align: left;\">Politique de remboursement<\/p>\n<\/div>\n<\/div>","protected":false},"excerpt":{"rendered":"<p>ABONNEMENT IPTV 6 MOIS PREMIUM vous permet de regarder des milliers de cha\u00eenes premium et des dizaines de milliers de films VOD dans la meilleure qualit\u00e9,Nous vous recommandons de prendre un Test 24h, avant de prolonger la dur\u00e9e en Abonnement IPTV\u00a06\u00a0ou\u00a012\u00a0mois.<\/p>\n<blockquote><p><span style=\"color: #ff0000;\">Votre <strong>ABONNEMENT IPTV 6MOIS PREMIUM<\/strong> sera activ\u00e9 en <strong>1h en moyenne et 8h au Maximum.<\/strong> La livraison ou la confirmation se font par e-mail, veuillez donc <strong>v\u00e9rifier r\u00e9guli\u00e8rement votre bo\u00eete e-mail. <\/strong><\/span><\/p>\n<p><em><span style=\"color: #ff0000;\">* Note: Sometimes our emails end up in the spam folder, please check it before contacting us. Check your email box regularly.<\/span><\/em><\/p><\/blockquote>","protected":false},"featured_media":283,"template":"","meta":[],"product_brand":[],"product_cat":[17],"product_tag":[103],"class_list":{"0":"post-261","1":"product","2":"type-product","3":"status-publish","4":"has-post-thumbnail","6":"product_cat-forfaits-premium","7":"product_tag-abonnement-iptv-6-mois-premium","8":"tm-has-options","10":"first","11":"instock","12":"sale","13":"shipping-taxable","14":"purchasable","15":"product-type-simple"},"_links":{"self":[{"href":"https:\/\/locoiptv.com\/en\/wp-json\/wp\/v2\/product\/261","targetHints":{"allow":["GET"]}}],"collection":[{"href":"https:\/\/locoiptv.com\/en\/wp-json\/wp\/v2\/product"}],"about":[{"href":"https:\/\/locoiptv.com\/en\/wp-json\/wp\/v2\/types\/product"}],"wp:featuredmedia":[{"embeddable":true,"href":"https:\/\/locoiptv.com\/en\/wp-json\/wp\/v2\/media\/283"}],"wp:attachment":[{"href":"https:\/\/locoiptv.com\/en\/wp-json\/wp\/v2\/media?parent=261"}],"wp:term":[{"taxonomy":"product_brand","embeddable":true,"href":"https:\/\/locoiptv.com\/en\/wp-json\/wp\/v2\/product_brand?post=261"},{"taxonomy":"product_cat","embeddable":true,"href":"https:\/\/locoiptv.com\/en\/wp-json\/wp\/v2\/product_cat?post=261"},{"taxonomy":"product_tag","embeddable":true,"href":"https:\/\/locoiptv.com\/en\/wp-json\/wp\/v2\/product_tag?post=261"}],"curies":[{"name":"wp","href":"https:\/\/api.w.org\/{rel}","templated":true}]}}